{"id":4612,"date":"2025-12-12T06:47:56","date_gmt":"2025-12-12T06:47:56","guid":{"rendered":"https:\/\/altisk-karcag.hu\/?page_id=4612"},"modified":"2025-12-12T07:01:12","modified_gmt":"2025-12-12T07:01:12","slug":"rrf-1-2-4-25-2025-00028","status":"publish","type":"page","link":"https:\/\/altisk-karcag.hu\/?page_id=4612","title":{"rendered":"&#8222;B\u00edzz benn\u00fcnk \u00e9s seg\u00edt\u00fcnk&#8221;"},"content":{"rendered":"<a href=\"https:\/\/altisk-karcag.hu\/wp-content\/uploads\/2025\/12\/rrf_infoblokk_fekvo_magyar_rgb.pdf\" class=\"pdfemb-viewer\" style=\"width: 1100px; \" data-width=\"1100\" data-height=\"max\"  data-toolbar=\"both\" data-toolbar-fixed=\"off\">rrf_infoblokk_fekvo_magyar_rgb<br\/><\/a>\n<p class=\"wp-block-pdfemb-pdf-embedder-viewer\"><\/p>\n\n\n<a href=\"https:\/\/altisk-karcag.hu\/wp-content\/uploads\/2025\/12\/Sajtokozlemeny_HU_-KTK_2025_10_29.pdf\" class=\"pdfemb-viewer\" style=\"width: 1100px; \" data-width=\"1100\" data-height=\"max\"  data-toolbar=\"both\" data-toolbar-fixed=\"off\">Sajtokozlemeny_HU_-KTK_2025_10_29<br\/><\/a>\n<p class=\"wp-block-pdfemb-pdf-embedder-viewer\"><\/p>\n\n\n<a href=\"https:\/\/altisk-karcag.hu\/wp-content\/uploads\/2025\/12\/Tajekoztato.pdf\" class=\"pdfemb-viewer\" style=\"width: 1100px; \" data-width=\"1100\" data-height=\"max\"  data-toolbar=\"both\" data-toolbar-fixed=\"off\">Tajekoztato<br\/><\/a>\n<p class=\"wp-block-pdfemb-pdf-embedder-viewer\"><\/p>\n","protected":false},"excerpt":{"rendered":"","protected":false},"author":1,"featured_media":0,"parent":0,"menu_order":0,"comment_status":"closed","ping_status":"closed","template":"","meta":{"footnotes":""},"_links":{"self":[{"href":"https:\/\/altisk-karcag.hu\/index.php?rest_route=\/wp\/v2\/pages\/4612"}],"collection":[{"href":"https:\/\/altisk-karcag.hu\/index.php?rest_route=\/wp\/v2\/pages"}],"about":[{"href":"https:\/\/altisk-karcag.hu\/index.php?rest_route=\/wp\/v2\/types\/page"}],"author":[{"embeddable":true,"href":"https:\/\/altisk-karcag.hu\/index.php?rest_route=\/wp\/v2\/users\/1"}],"replies":[{"embeddable":true,"href":"https:\/\/altisk-karcag.hu\/index.php?rest_route=%2Fwp%2Fv2%2Fcomments&post=4612"}],"version-history":[{"count":4,"href":"https:\/\/altisk-karcag.hu\/index.php?rest_route=\/wp\/v2\/pages\/4612\/revisions"}],"predecessor-version":[{"id":4620,"href":"https:\/\/altisk-karcag.hu\/index.php?rest_route=\/wp\/v2\/pages\/4612\/revisions\/4620"}],"wp:attachment":[{"href":"https:\/\/altisk-karcag.hu\/index.php?rest_route=%2Fwp%2Fv2%2Fmedia&parent=4612"}],"curies":[{"name":"wp","href":"https:\/\/api.w.org\/{rel}","templated":true}]}}