{"id":2249,"date":"2023-09-01T16:19:44","date_gmt":"2023-09-01T16:19:44","guid":{"rendered":"https:\/\/altisk-karcag.hu\/?page_id=2249"},"modified":"2023-10-25T10:58:54","modified_gmt":"2023-10-25T10:58:54","slug":"nevadonk","status":"publish","type":"page","link":"https:\/\/altisk-karcag.hu\/?page_id=2249","title":{"rendered":"N\u00e9vad\u00f3nk"},"content":{"rendered":"\n<div class=\"wp-block-file\"><object class=\"wp-block-file__embed\" data=\"https:\/\/altisk-karcag.hu\/wp-content\/uploads\/2023\/10\/Kovats-alt-isk-honlapra-rovid-ismerteto.pdf\" type=\"application\/pdf\" style=\"width:100%;height:600px\" aria-label=\"Kov\u00e1ts \u00e1lt isk honlapra r\u00f6vid ismertet\u0151 be\u00e1gyaz\u00e1sa\"><\/object><a id=\"wp-block-file--media-9b3f0778-c4f4-43dc-bf59-d7102147cdae\" href=\"https:\/\/altisk-karcag.hu\/wp-content\/uploads\/2023\/10\/Kovats-alt-isk-honlapra-rovid-ismerteto.pdf\">Kov\u00e1ts \u00e1lt isk honlapra r\u00f6vid ismertet\u0151<\/a><a href=\"https:\/\/altisk-karcag.hu\/wp-content\/uploads\/2023\/10\/Kovats-alt-isk-honlapra-rovid-ismerteto.pdf\" class=\"wp-block-file__button wp-element-button\" download aria-describedby=\"wp-block-file--media-9b3f0778-c4f4-43dc-bf59-d7102147cdae\">Let\u00f6lt\u00e9s<\/a><\/div>\n","protected":false},"excerpt":{"rendered":"","protected":false},"author":1,"featured_media":0,"parent":0,"menu_order":0,"comment_status":"closed","ping_status":"closed","template":"","meta":{"footnotes":""},"_links":{"self":[{"href":"https:\/\/altisk-karcag.hu\/index.php?rest_route=\/wp\/v2\/pages\/2249"}],"collection":[{"href":"https:\/\/altisk-karcag.hu\/index.php?rest_route=\/wp\/v2\/pages"}],"about":[{"href":"https:\/\/altisk-karcag.hu\/index.php?rest_route=\/wp\/v2\/types\/page"}],"author":[{"embeddable":true,"href":"https:\/\/altisk-karcag.hu\/index.php?rest_route=\/wp\/v2\/users\/1"}],"replies":[{"embeddable":true,"href":"https:\/\/altisk-karcag.hu\/index.php?rest_route=%2Fwp%2Fv2%2Fcomments&post=2249"}],"version-history":[{"count":3,"href":"https:\/\/altisk-karcag.hu\/index.php?rest_route=\/wp\/v2\/pages\/2249\/revisions"}],"predecessor-version":[{"id":2361,"href":"https:\/\/altisk-karcag.hu\/index.php?rest_route=\/wp\/v2\/pages\/2249\/revisions\/2361"}],"wp:attachment":[{"href":"https:\/\/altisk-karcag.hu\/index.php?rest_route=%2Fwp%2Fv2%2Fmedia&parent=2249"}],"curies":[{"name":"wp","href":"https:\/\/api.w.org\/{rel}","templated":true}]}}